{"id":359,"date":"2021-04-18T14:36:50","date_gmt":"2021-04-18T12:36:50","guid":{"rendered":"https:\/\/www.quercy-vacances.com\/?page_id=359"},"modified":"2023-01-07T10:51:01","modified_gmt":"2023-01-07T09:51:01","slug":"politique-de-confidentialite","status":"publish","type":"page","link":"https:\/\/www.quercy-vacances.com\/en\/politique-de-confidentialite\/","title":{"rendered":"Privacy Policy"},"content":{"rendered":"<div data-elementor-type=\"wp-page\" data-elementor-id=\"359\" class=\"elementor elementor-359\" data-elementor-post-type=\"page\">\n\t\t\t\t\t\t<section class=\"elementor-section elementor-top-section elementor-element elementor-element-619ec63 elementor-section-boxed elementor-section-height-default elementor-section-height-default\" data-id=\"619ec63\" data-element_type=\"section\">\n\t\t\t\t\t\t<div class=\"elementor-container elementor-column-gap-default\">\n\t\t\t\t\t<div class=\"elementor-column elementor-col-100 elementor-top-column elementor-element elementor-element-da20227\" data-id=\"da20227\" data-element_type=\"column\">\n\t\t\t<div class=\"elementor-widget-wrap elementor-element-populated\">\n\t\t\t\t\t\t<div class=\"elementor-element elementor-element-821d9e7 elementor-widget elementor-widget-heading\" data-id=\"821d9e7\" data-element_type=\"widget\" data-widget_type=\"heading.default\">\n\t\t\t\t<div class=\"elementor-widget-container\">\n\t\t\t\t\t<h2 class=\"elementor-heading-title elementor-size-default\">Who are we?<\/h2>\t\t\t\t<\/div>\n\t\t\t\t<\/div>\n\t\t\t\t<div class=\"elementor-element elementor-element-b20bd44 elementor-widget-divider--view-line elementor-widget elementor-widget-divider\" data-id=\"b20bd44\" data-element_type=\"widget\" data-widget_type=\"divider.default\">\n\t\t\t\t<div class=\"elementor-widget-container\">\n\t\t\t\t\t\t\t<div class=\"elementor-divider\">\n\t\t\t<span class=\"elementor-divider-separator\">\n\t\t\t\t\t\t<\/span>\n\t\t<\/div>\n\t\t\t\t\t\t<\/div>\n\t\t\t\t<\/div>\n\t\t\t\t\t<\/div>\n\t\t<\/div>\n\t\t\t\t\t<\/div>\n\t\t<\/section>\n\t\t\t\t<section class=\"elementor-section elementor-top-section elementor-element elementor-element-e03b6a5 elementor-section-boxed elementor-section-height-default elementor-section-height-default\" data-id=\"e03b6a5\" data-element_type=\"section\">\n\t\t\t\t\t\t<div class=\"elementor-container elementor-column-gap-default\">\n\t\t\t\t\t<div class=\"elementor-column elementor-col-100 elementor-top-column elementor-element elementor-element-f03364a\" data-id=\"f03364a\" data-element_type=\"column\">\n\t\t\t<div class=\"elementor-widget-wrap elementor-element-populated\">\n\t\t\t\t\t\t<div class=\"elementor-element elementor-element-244e294 elementor-widget elementor-widget-text-editor\" data-id=\"244e294\" data-element_type=\"widget\" data-widget_type=\"text-editor.default\">\n\t\t\t\t<div class=\"elementor-widget-container\">\n\t\t\t\t\t\t\t\t\t<p>Our website address is: https:\/\/www.quercy-vacances.com.<\/p>\n<p><\/p>\n<p>We are a family run business based in the Lot, offering an ideal holiday setting for holidaymakers visiting the area.<\/p>\t\t\t\t\t\t\t\t<\/div>\n\t\t\t\t<\/div>\n\t\t\t\t\t<\/div>\n\t\t<\/div>\n\t\t\t\t\t<\/div>\n\t\t<\/section>\n\t\t\t\t<section class=\"elementor-section elementor-top-section elementor-element elementor-element-fcd1530 elementor-section-boxed elementor-section-height-default elementor-section-height-default\" data-id=\"fcd1530\" data-element_type=\"section\">\n\t\t\t\t\t\t<div class=\"elementor-container elementor-column-gap-default\">\n\t\t\t\t\t<div class=\"elementor-column elementor-col-100 elementor-top-column elementor-element elementor-element-a14b8c0\" data-id=\"a14b8c0\" data-element_type=\"column\">\n\t\t\t<div class=\"elementor-widget-wrap elementor-element-populated\">\n\t\t\t\t\t\t<div class=\"elementor-element elementor-element-2326c05 elementor-widget elementor-widget-heading\" data-id=\"2326c05\" data-element_type=\"widget\" data-widget_type=\"heading.default\">\n\t\t\t\t<div class=\"elementor-widget-container\">\n\t\t\t\t\t<h2 class=\"elementor-heading-title elementor-size-default\">Embedded content from other sites<\/h2>\t\t\t\t<\/div>\n\t\t\t\t<\/div>\n\t\t\t\t<div class=\"elementor-element elementor-element-7d9d2e0 elementor-widget-divider--view-line elementor-widget elementor-widget-divider\" data-id=\"7d9d2e0\" data-element_type=\"widget\" data-widget_type=\"divider.default\">\n\t\t\t\t<div class=\"elementor-widget-container\">\n\t\t\t\t\t\t\t<div class=\"elementor-divider\">\n\t\t\t<span class=\"elementor-divider-separator\">\n\t\t\t\t\t\t<\/span>\n\t\t<\/div>\n\t\t\t\t\t\t<\/div>\n\t\t\t\t<\/div>\n\t\t\t\t\t<\/div>\n\t\t<\/div>\n\t\t\t\t\t<\/div>\n\t\t<\/section>\n\t\t\t\t<section class=\"elementor-section elementor-top-section elementor-element elementor-element-42d5a1d elementor-section-boxed elementor-section-height-default elementor-section-height-default\" data-id=\"42d5a1d\" data-element_type=\"section\">\n\t\t\t\t\t\t<div class=\"elementor-container elementor-column-gap-default\">\n\t\t\t\t\t<div class=\"elementor-column elementor-col-100 elementor-top-column elementor-element elementor-element-01f8b2f\" data-id=\"01f8b2f\" data-element_type=\"column\">\n\t\t\t<div class=\"elementor-widget-wrap elementor-element-populated\">\n\t\t\t\t\t\t<div class=\"elementor-element elementor-element-620112e elementor-widget elementor-widget-text-editor\" data-id=\"620112e\" data-element_type=\"widget\" data-widget_type=\"text-editor.default\">\n\t\t\t\t<div class=\"elementor-widget-container\">\n\t\t\t\t\t\t\t\t\t<p>Articles on this site may include embedded content (e.g. videos, images, articles...). Embedded content from other sites behaves in the same way as if the visitor were on that other site.<\/p>\n<p>\u00a0<\/p>\n<p>These websites may collect data about you, use cookies, embed third-party tracking tools, track your interactions with these embedded contents if you have a logged-in account on their website.<\/p>\t\t\t\t\t\t\t\t<\/div>\n\t\t\t\t<\/div>\n\t\t\t\t\t<\/div>\n\t\t<\/div>\n\t\t\t\t\t<\/div>\n\t\t<\/section>\n\t\t\t\t<section class=\"elementor-section elementor-top-section elementor-element elementor-element-592f030a elementor-section-boxed elementor-section-height-default elementor-section-height-default\" data-id=\"592f030a\" data-element_type=\"section\">\n\t\t\t\t\t\t<div class=\"elementor-container elementor-column-gap-default\">\n\t\t\t\t\t<div class=\"elementor-column elementor-col-100 elementor-top-column elementor-element elementor-element-512ff8ca\" data-id=\"512ff8ca\" data-element_type=\"column\">\n\t\t\t<div class=\"elementor-widget-wrap elementor-element-populated\">\n\t\t\t\t\t\t\t<\/div>\n\t\t<\/div>\n\t\t\t\t\t<\/div>\n\t\t<\/section>\n\t\t\t\t<section class=\"elementor-section elementor-top-section elementor-element elementor-element-494dcee elementor-section-boxed elementor-section-height-default elementor-section-height-default\" data-id=\"494dcee\" data-element_type=\"section\">\n\t\t\t\t\t\t<div class=\"elementor-container elementor-column-gap-default\">\n\t\t\t\t\t<div class=\"elementor-column elementor-col-100 elementor-top-column elementor-element elementor-element-d020f56\" data-id=\"d020f56\" data-element_type=\"column\">\n\t\t\t<div class=\"elementor-widget-wrap elementor-element-populated\">\n\t\t\t\t\t\t<div class=\"elementor-element elementor-element-754de41 elementor-widget elementor-widget-heading\" data-id=\"754de41\" data-element_type=\"widget\" data-widget_type=\"heading.default\">\n\t\t\t\t<div class=\"elementor-widget-container\">\n\t\t\t\t\t<h2 class=\"elementor-heading-title elementor-size-default\">Personal data<\/h2>\t\t\t\t<\/div>\n\t\t\t\t<\/div>\n\t\t\t\t<div class=\"elementor-element elementor-element-fc5cc5a elementor-widget-divider--view-line elementor-widget elementor-widget-divider\" data-id=\"fc5cc5a\" data-element_type=\"widget\" data-widget_type=\"divider.default\">\n\t\t\t\t<div class=\"elementor-widget-container\">\n\t\t\t\t\t\t\t<div class=\"elementor-divider\">\n\t\t\t<span class=\"elementor-divider-separator\">\n\t\t\t\t\t\t<\/span>\n\t\t<\/div>\n\t\t\t\t\t\t<\/div>\n\t\t\t\t<\/div>\n\t\t\t\t\t<\/div>\n\t\t<\/div>\n\t\t\t\t\t<\/div>\n\t\t<\/section>\n\t\t\t\t<section class=\"elementor-section elementor-top-section elementor-element elementor-element-762d042 elementor-section-boxed elementor-section-height-default elementor-section-height-default\" data-id=\"762d042\" data-element_type=\"section\">\n\t\t\t\t\t\t<div class=\"elementor-container elementor-column-gap-default\">\n\t\t\t\t\t<div class=\"elementor-column elementor-col-100 elementor-top-column elementor-element elementor-element-50a896f\" data-id=\"50a896f\" data-element_type=\"column\">\n\t\t\t<div class=\"elementor-widget-wrap elementor-element-populated\">\n\t\t\t\t\t\t<div class=\"elementor-element elementor-element-7387522 elementor-widget elementor-widget-text-editor\" data-id=\"7387522\" data-element_type=\"widget\" data-widget_type=\"text-editor.default\">\n\t\t\t\t<div class=\"elementor-widget-container\">\n\t\t\t\t\t\t\t\t\t<p>The quercy-vacances.com website does not collect any personal data, either via cookies or via external trackers (Google, Facebook, etc.). Our online booking provider may also collect the data you provide in accordance with legal requirements in order to provide the online booking service.<\/p>\n<p>\u00a0<\/p>\n<p>If necessary, please do not hesitate to contact us for further information.<\/p>\t\t\t\t\t\t\t\t<\/div>\n\t\t\t\t<\/div>\n\t\t\t\t\t<\/div>\n\t\t<\/div>\n\t\t\t\t\t<\/div>\n\t\t<\/section>\n\t\t\t\t<section class=\"elementor-section elementor-top-section elementor-element elementor-element-90a7e1e elementor-section-boxed elementor-section-height-default elementor-section-height-default\" data-id=\"90a7e1e\" data-element_type=\"section\">\n\t\t\t\t\t\t<div class=\"elementor-container elementor-column-gap-default\">\n\t\t\t\t\t<div class=\"elementor-column elementor-col-100 elementor-top-column elementor-element elementor-element-b2e55e3\" data-id=\"b2e55e3\" data-element_type=\"column\">\n\t\t\t<div class=\"elementor-widget-wrap elementor-element-populated\">\n\t\t\t\t\t\t<div class=\"elementor-element elementor-element-21fc729 elementor-widget elementor-widget-heading\" data-id=\"21fc729\" data-element_type=\"widget\" data-widget_type=\"heading.default\">\n\t\t\t\t<div class=\"elementor-widget-container\">\n\t\t\t\t\t<h2 class=\"elementor-heading-title elementor-size-default\">Cookies<\/h2>\t\t\t\t<\/div>\n\t\t\t\t<\/div>\n\t\t\t\t<div class=\"elementor-element elementor-element-a80ff11 elementor-widget-divider--view-line elementor-widget elementor-widget-divider\" data-id=\"a80ff11\" data-element_type=\"widget\" data-widget_type=\"divider.default\">\n\t\t\t\t<div class=\"elementor-widget-container\">\n\t\t\t\t\t\t\t<div class=\"elementor-divider\">\n\t\t\t<span class=\"elementor-divider-separator\">\n\t\t\t\t\t\t<\/span>\n\t\t<\/div>\n\t\t\t\t\t\t<\/div>\n\t\t\t\t<\/div>\n\t\t\t\t<div class=\"elementor-element elementor-element-e1bc7af elementor-widget elementor-widget-text-editor\" data-id=\"e1bc7af\" data-element_type=\"widget\" data-widget_type=\"text-editor.default\">\n\t\t\t\t<div class=\"elementor-widget-container\">\n\t\t\t\t\t\t\t\t\t<p>The quercy-vacances.com website does not use any cookies directly. If this were to change, you can save your cookie management preferences from the menu that appears each time you visit the site (at sufficiently spaced intervals).<\/p>\t\t\t\t\t\t\t\t<\/div>\n\t\t\t\t<\/div>\n\t\t\t\t\t<\/div>\n\t\t<\/div>\n\t\t\t\t\t<\/div>\n\t\t<\/section>\n\t\t\t\t<\/div>","protected":false},"excerpt":{"rendered":"<p>Who are we? Our website address is https:\/\/www.quercy-vacances.com. We are a family run business based in the Lot region of France, offering the ideal holiday setting for visitors to the area. Embedded content from other sites Articles on this site may include embedded content (e.g. videos, images, articles...). The [...]<\/p>","protected":false},"author":1,"featured_media":0,"parent":0,"menu_order":0,"comment_status":"closed","ping_status":"closed","template":"","meta":{"footnotes":""},"class_list":["post-359","page","type-page","status-publish","hentry"],"yoast_head":"<!-- This site is optimized with the Yoast SEO plugin v26.7 - https:\/\/yoast.com\/wordpress\/plugins\/seo\/ -->\n<title>Politique de confidentialit\u00e9 - Quercy-Vacances<\/title>\n<meta name=\"robots\" content=\"index, follow, max-snippet:-1, max-image-preview:large, max-video-preview:-1\" \/>\n<link rel=\"canonical\" href=\"https:\/\/www.quercy-vacances.com\/en\/politique-de-confidentialite\/\" \/>\n<meta property=\"og:locale\" content=\"en_GB\" \/>\n<meta property=\"og:type\" content=\"article\" \/>\n<meta property=\"og:title\" content=\"Politique de confidentialit\u00e9 - Quercy-Vacances\" \/>\n<meta property=\"og:description\" content=\"Qui sommes-nous ? L\u2019adresse de notre site est : https:\/\/www.quercy-vacances.com. Nous sommes une entreprise familiale bas\u00e9e dans le Lot qui offrons un cadre de vacances id\u00e9al aux vacanciers de passage dans la r\u00e9gion. Contenu embarqu\u00e9 depuis d\u2019autres sites Les articles de ce site peuvent inclure des contenus int\u00e9gr\u00e9s (par exemple des vid\u00e9os, images, articles\u2026). Le [&hellip;]\" \/>\n<meta property=\"og:url\" content=\"https:\/\/www.quercy-vacances.com\/en\/politique-de-confidentialite\/\" \/>\n<meta property=\"og:site_name\" content=\"Quercy-Vacances\" \/>\n<meta property=\"article:modified_time\" content=\"2023-01-07T09:51:01+00:00\" \/>\n<meta name=\"twitter:card\" content=\"summary_large_image\" \/>\n<meta name=\"twitter:label1\" content=\"Est. reading time\" \/>\n\t<meta name=\"twitter:data1\" content=\"2 minutes\" \/>\n<script type=\"application\/ld+json\" class=\"yoast-schema-graph\">{\"@context\":\"https:\/\/schema.org\",\"@graph\":[{\"@type\":\"WebPage\",\"@id\":\"https:\/\/www.quercy-vacances.com\/politique-de-confidentialite\/\",\"url\":\"https:\/\/www.quercy-vacances.com\/politique-de-confidentialite\/\",\"name\":\"Politique de confidentialit\u00e9 - Quercy-Vacances\",\"isPartOf\":{\"@id\":\"https:\/\/www.quercy-vacances.com\/#website\"},\"datePublished\":\"2021-04-18T12:36:50+00:00\",\"dateModified\":\"2023-01-07T09:51:01+00:00\",\"breadcrumb\":{\"@id\":\"https:\/\/www.quercy-vacances.com\/politique-de-confidentialite\/#breadcrumb\"},\"inLanguage\":\"en-GB\",\"potentialAction\":[{\"@type\":\"ReadAction\",\"target\":[\"https:\/\/www.quercy-vacances.com\/politique-de-confidentialite\/\"]}]},{\"@type\":\"BreadcrumbList\",\"@id\":\"https:\/\/www.quercy-vacances.com\/politique-de-confidentialite\/#breadcrumb\",\"itemListElement\":[{\"@type\":\"ListItem\",\"position\":1,\"name\":\"Accueil\",\"item\":\"https:\/\/www.quercy-vacances.com\/\"},{\"@type\":\"ListItem\",\"position\":2,\"name\":\"Politique de confidentialit\u00e9\"}]},{\"@type\":\"WebSite\",\"@id\":\"https:\/\/www.quercy-vacances.com\/#website\",\"url\":\"https:\/\/www.quercy-vacances.com\/\",\"name\":\"Quercy-Vacances\",\"description\":\"Des vacances familiales au calme et en pleine nature\",\"publisher\":{\"@id\":\"https:\/\/www.quercy-vacances.com\/#organization\"},\"potentialAction\":[{\"@type\":\"SearchAction\",\"target\":{\"@type\":\"EntryPoint\",\"urlTemplate\":\"https:\/\/www.quercy-vacances.com\/?s={search_term_string}\"},\"query-input\":{\"@type\":\"PropertyValueSpecification\",\"valueRequired\":true,\"valueName\":\"search_term_string\"}}],\"inLanguage\":\"en-GB\"},{\"@type\":\"Organization\",\"@id\":\"https:\/\/www.quercy-vacances.com\/#organization\",\"name\":\"Quercy-Vacances\",\"url\":\"https:\/\/www.quercy-vacances.com\/\",\"logo\":{\"@type\":\"ImageObject\",\"inLanguage\":\"en-GB\",\"@id\":\"https:\/\/www.quercy-vacances.com\/#\/schema\/logo\/image\/\",\"url\":\"https:\/\/www.quercy-vacances.com\/wp-content\/uploads\/2021\/04\/cropped-quercy_logo_white-1.png\",\"contentUrl\":\"https:\/\/www.quercy-vacances.com\/wp-content\/uploads\/2021\/04\/cropped-quercy_logo_white-1.png\",\"width\":5437,\"height\":3769,\"caption\":\"Quercy-Vacances\"},\"image\":{\"@id\":\"https:\/\/www.quercy-vacances.com\/#\/schema\/logo\/image\/\"}}]}<\/script>\n<!-- \/ Yoast SEO plugin. -->","yoast_head_json":{"title":"Privacy policy - Quercy-Vacances","robots":{"index":"index","follow":"follow","max-snippet":"max-snippet:-1","max-image-preview":"max-image-preview:large","max-video-preview":"max-video-preview:-1"},"canonical":"https:\/\/www.quercy-vacances.com\/en\/politique-de-confidentialite\/","og_locale":"en_GB","og_type":"article","og_title":"Politique de confidentialit\u00e9 - Quercy-Vacances","og_description":"Qui sommes-nous ? L\u2019adresse de notre site est : https:\/\/www.quercy-vacances.com. Nous sommes une entreprise familiale bas\u00e9e dans le Lot qui offrons un cadre de vacances id\u00e9al aux vacanciers de passage dans la r\u00e9gion. Contenu embarqu\u00e9 depuis d\u2019autres sites Les articles de ce site peuvent inclure des contenus int\u00e9gr\u00e9s (par exemple des vid\u00e9os, images, articles\u2026). Le [&hellip;]","og_url":"https:\/\/www.quercy-vacances.com\/en\/politique-de-confidentialite\/","og_site_name":"Quercy-Vacances","article_modified_time":"2023-01-07T09:51:01+00:00","twitter_card":"summary_large_image","twitter_misc":{"Est. reading time":"2 minutes"},"schema":{"@context":"https:\/\/schema.org","@graph":[{"@type":"WebPage","@id":"https:\/\/www.quercy-vacances.com\/politique-de-confidentialite\/","url":"https:\/\/www.quercy-vacances.com\/politique-de-confidentialite\/","name":"Privacy policy - Quercy-Vacances","isPartOf":{"@id":"https:\/\/www.quercy-vacances.com\/#website"},"datePublished":"2021-04-18T12:36:50+00:00","dateModified":"2023-01-07T09:51:01+00:00","breadcrumb":{"@id":"https:\/\/www.quercy-vacances.com\/politique-de-confidentialite\/#breadcrumb"},"inLanguage":"en-GB","potentialAction":[{"@type":"ReadAction","target":["https:\/\/www.quercy-vacances.com\/politique-de-confidentialite\/"]}]},{"@type":"BreadcrumbList","@id":"https:\/\/www.quercy-vacances.com\/politique-de-confidentialite\/#breadcrumb","itemListElement":[{"@type":"ListItem","position":1,"name":"Accueil","item":"https:\/\/www.quercy-vacances.com\/"},{"@type":"ListItem","position":2,"name":"Politique de confidentialit\u00e9"}]},{"@type":"WebSite","@id":"https:\/\/www.quercy-vacances.com\/#website","url":"https:\/\/www.quercy-vacances.com\/","name":"Quercy-Vacances","description":"A family holiday in the peace and quiet of the countryside","publisher":{"@id":"https:\/\/www.quercy-vacances.com\/#organization"},"potentialAction":[{"@type":"SearchAction","target":{"@type":"EntryPoint","urlTemplate":"https:\/\/www.quercy-vacances.com\/?s={search_term_string}"},"query-input":{"@type":"PropertyValueSpecification","valueRequired":true,"valueName":"search_term_string"}}],"inLanguage":"en-GB"},{"@type":"Organization","@id":"https:\/\/www.quercy-vacances.com\/#organization","name":"Quercy-Vacances","url":"https:\/\/www.quercy-vacances.com\/","logo":{"@type":"ImageObject","inLanguage":"en-GB","@id":"https:\/\/www.quercy-vacances.com\/#\/schema\/logo\/image\/","url":"https:\/\/www.quercy-vacances.com\/wp-content\/uploads\/2021\/04\/cropped-quercy_logo_white-1.png","contentUrl":"https:\/\/www.quercy-vacances.com\/wp-content\/uploads\/2021\/04\/cropped-quercy_logo_white-1.png","width":5437,"height":3769,"caption":"Quercy-Vacances"},"image":{"@id":"https:\/\/www.quercy-vacances.com\/#\/schema\/logo\/image\/"}}]}},"_links":{"self":[{"href":"https:\/\/www.quercy-vacances.com\/en\/wp-json\/wp\/v2\/pages\/359","targetHints":{"allow":["GET"]}}],"collection":[{"href":"https:\/\/www.quercy-vacances.com\/en\/wp-json\/wp\/v2\/pages"}],"about":[{"href":"https:\/\/www.quercy-vacances.com\/en\/wp-json\/wp\/v2\/types\/page"}],"author":[{"embeddable":true,"href":"https:\/\/www.quercy-vacances.com\/en\/wp-json\/wp\/v2\/users\/1"}],"replies":[{"embeddable":true,"href":"https:\/\/www.quercy-vacances.com\/en\/wp-json\/wp\/v2\/comments?post=359"}],"version-history":[{"count":25,"href":"https:\/\/www.quercy-vacances.com\/en\/wp-json\/wp\/v2\/pages\/359\/revisions"}],"predecessor-version":[{"id":3842,"href":"https:\/\/www.quercy-vacances.com\/en\/wp-json\/wp\/v2\/pages\/359\/revisions\/3842"}],"wp:attachment":[{"href":"https:\/\/www.quercy-vacances.com\/en\/wp-json\/wp\/v2\/media?parent=359"}],"curies":[{"name":"wp","href":"https:\/\/api.w.org\/{rel}","templated":true}]}}